{"id":7,"date":"2016-07-04T10:31:49","date_gmt":"2016-07-04T10:31:49","guid":{"rendered":"http:\/\/bridge64.qodeinteractive.com\/?page_id=7"},"modified":"2022-09-01T15:14:31","modified_gmt":"2022-09-01T15:14:31","slug":"home","status":"publish","type":"page","link":"https:\/\/danycastromusic.com\/","title":{"rendered":"INICIO"},"content":{"rendered":"<p>[vc_row css_animation=&#8221;&#8221; row_type=&#8221;row&#8221; use_row_as_full_screen_section=&#8221;no&#8221; type=&#8221;grid&#8221; angled_section=&#8221;no&#8221; text_align=&#8221;center&#8221; background_image_as_pattern=&#8221;without_pattern&#8221; anchor=&#8221;about&#8221; css=&#8221;.vc_custom_1469020250005{padding-top: 142px !important;padding-bottom: 88px !important;}&#8221;][vc_column offset=&#8221;vc_col-lg-offset-2 vc_col-lg-8 vc_col-md-offset-1 vc_col-md-10&#8243; css=&#8221;.vc_custom_1466691550042{padding-right: 8% !important;padding-left: 8% !important;}&#8221;][vc_column_text]<\/p>\n<h2>Dany Castro Music<\/h2>\n<p>[\/vc_column_text][vc_empty_space height=&#8221;13px&#8221;][vc_column_text]<\/p>\n<h4>Cantante, m\u00fasico y compositor ecuatoriano; activista por los derechos de los animales y la naturaleza.<\/h4>\n<p>[\/vc_column_text][\/vc_column][\/vc_row][vc_row css_animation=&#8221;&#8221; row_type=&#8221;row&#8221; use_row_as_full_screen_section=&#8221;no&#8221; type=&#8221;grid&#8221; angled_section=&#8221;no&#8221; text_align=&#8221;center&#8221; background_image_as_pattern=&#8221;without_pattern&#8221; css=&#8221;.vc_custom_1466694434480{padding-bottom: 97px !important;}&#8221;][vc_column css=&#8221;.vc_custom_1466692483154{padding-right: 11% !important;padding-left: 11% !important;}&#8221; offset=&#8221;vc_col-lg-4 vc_col-md-4&#8243;]<div class='image_hover ' style='' data-transition-delay=''><div class='images_holder'><img itemprop='image' class='active_image ' src='https:\/\/danycastromusic.com\/wp-content\/uploads\/2022\/08\/microfono1-1.png' alt='' style='' \/><img itemprop='image' class='hover_image' src='https:\/\/danycastromusic.com\/wp-content\/uploads\/2022\/08\/microfono-1.png' alt='' style='' \/><\/div><\/div>[vc_empty_space height=&#8221;16px&#8221;][vc_column_text]<\/p>\n<h5>Musico<\/h5>\n<p>[\/vc_column_text][vc_empty_space height=&#8221;3px&#8221;][vc_column_text]Abre su trayectoria paso a paso\u00a0en el mercado internacional y nacional.[\/vc_column_text][vc_empty_space height=&#8221;45px&#8221;][\/vc_column][vc_column css=&#8221;.vc_custom_1466692491195{padding-right: 11% !important;padding-left: 11% !important;}&#8221; offset=&#8221;vc_col-lg-4 vc_col-md-4&#8243;]<div class='image_hover ' style='' data-transition-delay=''><div class='images_holder'><img itemprop='image' class='active_image ' src='https:\/\/danycastromusic.com\/wp-content\/uploads\/2022\/08\/nota1-1.png' alt='' style='' \/><img itemprop='image' class='hover_image' src='https:\/\/danycastromusic.com\/wp-content\/uploads\/2022\/08\/nota-1.png' alt='' style='' \/><\/div><\/div>[vc_empty_space height=&#8221;16px&#8221;][vc_column_text]<\/p>\n<h5>Songwriter<\/h5>\n<p>[\/vc_column_text][vc_empty_space height=&#8221;3px&#8221;][vc_column_text]Las letras de las canciones expresan el cari\u00f1o, amor, esencia de mi vida y mi entorno.[\/vc_column_text][vc_empty_space height=&#8221;45px&#8221;][\/vc_column][vc_column css=&#8221;.vc_custom_1466692498411{padding-right: 11% !important;padding-left: 11% !important;}&#8221; offset=&#8221;vc_col-lg-4 vc_col-md-4&#8243;]<div class='image_hover ' style='' data-transition-delay=''><div class='images_holder'><img itemprop='image' class='active_image ' src='https:\/\/danycastromusic.com\/wp-content\/uploads\/2022\/08\/microfono-2.png' alt='' style='' \/><img itemprop='image' class='hover_image' src='https:\/\/danycastromusic.com\/wp-content\/uploads\/2022\/08\/megafono-1.png' alt='' style='' \/><\/div><\/div>[vc_empty_space height=&#8221;16px&#8221;][vc_column_text]<\/p>\n<h5>Activista<\/h5>\n<p>[\/vc_column_text][vc_empty_space height=&#8221;3px&#8221;][vc_column_text]Esp\u00edritu verdaderamente libre, su objetivo es velar por el bienestar de los derechos de los animales y la naturaleza.[\/vc_column_text][vc_empty_space height=&#8221;45px&#8221;][\/vc_column][\/vc_row][vc_row css_animation=&#8221;&#8221; row_type=&#8221;row&#8221; use_row_as_full_screen_section=&#8221;no&#8221; type=&#8221;full_width&#8221; angled_section=&#8221;no&#8221; text_align=&#8221;center&#8221; background_image_as_pattern=&#8221;without_pattern&#8221;][vc_column][qode_elements_holder number_of_columns=&#8221;three_columns&#8221;][qode_elements_holder_item cover=&#8221;yes&#8221; advanced_animations=&#8221;no&#8221; background_image=&#8221;138&#8243; item_padding_600_768=&#8221;30%&#8221; item_padding_480_600=&#8221;35%&#8221; item_padding_480=&#8221;37%&#8221;][\/qode_elements_holder_item][qode_elements_holder_item advanced_animations=&#8221;no&#8221; background_image=&#8221;21&#8243; item_padding=&#8221;22% 20%&#8221; item_padding_1024_1280=&#8221;17% 15%&#8221; item_padding_600_768=&#8221;19% 25%&#8221; item_padding_480_600=&#8221;17% 16%&#8221; item_padding_480=&#8221;16% 8%&#8221;][vc_column_text]<\/p>\n<h5><span style=\"color: #b08d58;\">Inicios<\/span><\/h5>\n<p>[\/vc_column_text][vc_empty_space height=&#8221;12px&#8221;][vc_column_text]<span style=\"font-weight: 400;\">Ha realizado propuestas musicales desde sus inicios en 2008, su m\u00fasica ha tenido una evoluci\u00f3n constante, comenzando su carrera con temas musicales de Balada Pop, Pop Latino, Pop Rock, Pop fusi\u00f3n, covers y d\u00faos con artistas amigos.<\/span>[\/vc_column_text][vc_empty_space height=&#8221;14px&#8221;][\/qode_elements_holder_item][qode_elements_holder_item cover=&#8221;yes&#8221; advanced_animations=&#8221;no&#8221; background_image=&#8221;139&#8243; item_padding_600_768=&#8221;30%&#8221; item_padding_480_600=&#8221;35%&#8221; item_padding_480=&#8221;37%&#8221;][\/qode_elements_holder_item][\/qode_elements_holder][\/vc_column][\/vc_row][vc_row css_animation=&#8221;&#8221; row_type=&#8221;row&#8221; use_row_as_full_screen_section=&#8221;no&#8221; type=&#8221;full_width&#8221; angled_section=&#8221;no&#8221; text_align=&#8221;center&#8221; background_image_as_pattern=&#8221;without_pattern&#8221;][vc_column][qode_elements_holder number_of_columns=&#8221;three_columns&#8221;][qode_elements_holder_item advanced_animations=&#8221;no&#8221; background_image=&#8221;23&#8243; item_padding=&#8221;22% 20%&#8221; item_padding_1024_1280=&#8221;17% 15%&#8221; item_padding_600_768=&#8221;19% 25%&#8221; item_padding_480_600=&#8221;17% 16%&#8221; item_padding_480=&#8221;16% 8%&#8221;][vc_column_text]<\/p>\n<h5><span style=\"color: #b08d58;\">Motivaci\u00f3n<\/span><\/h5>\n<p>[\/vc_column_text][vc_empty_space height=&#8221;12px&#8221;][vc_column_text]<em><span style=\"font-weight: 400;\">&#8220;Cuando la vida no te da lo que tanto anhelas, tienes 2 opciones: te derrumbas, o te motivas y sigues adelante haciendo lo que amas con la frente en alto. Yo elijo la segunda opci\u00f3n&#8221;. Dany Castro<\/span><\/em>[\/vc_column_text][vc_empty_space height=&#8221;14px&#8221;][\/qode_elements_holder_item][qode_elements_holder_item cover=&#8221;yes&#8221; advanced_animations=&#8221;no&#8221; background_image=&#8221;141&#8243; item_padding_600_768=&#8221;30%&#8221; item_padding_480_600=&#8221;35%&#8221; item_padding_480=&#8221;37%&#8221;][\/qode_elements_holder_item][qode_elements_holder_item advanced_animations=&#8221;no&#8221; background_image=&#8221;19&#8243; item_padding=&#8221;22% 20%&#8221; item_padding_1024_1280=&#8221;17% 15%&#8221; item_padding_600_768=&#8221;19% 25%&#8221; item_padding_480_600=&#8221;17% 16%&#8221; item_padding_480=&#8221;16% 8%&#8221;][vc_column_text]<\/p>\n<h5><span style=\"color: #b08d58;\">Emprendedor<\/span><\/h5>\n<p>[\/vc_column_text][vc_empty_space height=&#8221;12px&#8221;][vc_column_text]<span style=\"font-weight: 400;\">Dany Castro es un emprendedor musical que se ha enfocado en crear y desarrollar proyectos que conectan su pasi\u00f3n por la m\u00fasica y el amor a la naturaleza y los animales.<\/span>[\/vc_column_text][vc_empty_space height=&#8221;14px&#8221;][\/qode_elements_holder_item][\/qode_elements_holder][\/vc_column][\/vc_row][vc_row css_animation=&#8221;&#8221; row_type=&#8221;row&#8221; use_row_as_full_screen_section=&#8221;no&#8221; type=&#8221;full_width&#8221; angled_section=&#8221;no&#8221; text_align=&#8221;left&#8221; background_image_as_pattern=&#8221;without_pattern&#8221; anchor=&#8221;featured&#8221;][vc_column][qode_elements_holder background_color=&#8221;#f6f6f6&#8243; number_of_columns=&#8221;two_columns&#8221;][qode_elements_holder_item vertical_alignment=&#8221;middle&#8221; advanced_animations=&#8221;no&#8221; background_color=&#8221;#f6f6f6&#8243; item_padding=&#8221;25% 26%&#8221; item_padding_1024_1280=&#8221;19% 23%&#8221; item_padding_768_1024=&#8221;21%&#8221; item_padding_600_768=&#8221;20% 23%&#8221; item_padding_480_600=&#8221;20% 18%&#8221; item_padding_480=&#8221;20% 12% 24%&#8221;][vc_column_text]<\/p>\n<h3>Dany Castro<\/h3>\n<p>[\/vc_column_text][vc_empty_space height=&#8221;7px&#8221;][vc_column_text]Dany Castro, cantante ecuatoriano amante de los animales y la naturaleza<\/p>\n<p>G\u00e9neros: Balada, Latin Pop, Pop Rock<\/p>\n<p>Canciones: Nina morena, Besos de miel, Este es mi Ecuador, Eres(Ft Marcela Valencia), Hoy ganas tu(Cover Williams), Tu Canci\u00f3n, Corazoncito Mix, Dame Dame (Ft. Pablo Estrella).[\/vc_column_text][vc_empty_space height=&#8221;22px&#8221;]<a  itemprop=\"url\" href=\"https:\/\/www.youtube.com\/channel\/UCWatXgOmTPG5NhxrNc26aXA\" target=\"_self\"  class=\"qbutton  default\" style=\"\">Conoce m\u00e1s de mi m\u00fasica<\/a>[\/qode_elements_holder_item][qode_elements_holder_item advanced_animations=&#8221;no&#8221; item_padding_600_768=&#8221;34%&#8221; item_padding_480_600=&#8221;35%&#8221; item_padding_480=&#8221;37%&#8221;][vc_video link=&#8221;https:\/\/www.youtube.com\/watch?v=Et1geFtwwGE&#8221;][\/qode_elements_holder_item][\/qode_elements_holder][\/vc_column][\/vc_row][vc_row css_animation=&#8221;&#8221; row_type=&#8221;row&#8221; use_row_as_full_screen_section=&#8221;no&#8221; type=&#8221;full_width&#8221; angled_section=&#8221;no&#8221; text_align=&#8221;left&#8221; background_image_as_pattern=&#8221;without_pattern&#8221; anchor=&#8221;team&#8221;][vc_column][qode_elements_holder number_of_columns=&#8221;four_columns&#8221;][qode_elements_holder_item advanced_animations=&#8221;no&#8221;]<div class='q_team info_on_hover' ><div class='q_team_inner'><div class='q_team_image'><img itemprop='image' src='https:\/\/danycastromusic.com\/wp-content\/uploads\/2022\/08\/Diseno-sin-titulo-77-1.png' alt='Dise\u00f1o sin t\u00edtulo (77) (1)' \/><div class='q_team_text' style= 'background-color:rgba(176,141,88,0.7);'><div class='q_team_text_holder'><div class='q_team_text_holder_inner'><div class='q_team_text_inner'><div class='q_team_title_holder'><h5 class='q_team_name' style = 'color: #ffffff;'><\/h5><\/div><\/div><div class='q_team_social_holder'><span class='q_social_icon_holder normal_social' ><a itemprop='url' href='https:\/\/www.youtube.com\/watch?v=gQVpMOKHgZg' target=''><i class=\"qode_icon_font_awesome fa fa-youtube-play fa-2x simple_social\" style=\"\" ><\/i><\/a><\/span><\/div><\/div><\/div><\/div><\/div><\/div><\/div>[\/qode_elements_holder_item][qode_elements_holder_item advanced_animations=&#8221;no&#8221;]<div class='q_team info_on_hover' ><div class='q_team_inner'><div class='q_team_image'><img itemprop='image' src='https:\/\/danycastromusic.com\/wp-content\/uploads\/2022\/08\/Diseno-sin-titulo-79-1.png' alt='Dise\u00f1o sin t\u00edtulo (79) (1)' \/><div class='q_team_text' style= 'background-color:rgba(176,141,88,0.7);'><div class='q_team_text_holder'><div class='q_team_text_holder_inner'><div class='q_team_text_inner'><div class='q_team_title_holder'><h5 class='q_team_name' style = 'color: #ffffff;'><\/h5><\/div><\/div><div class='q_team_social_holder'><span class='q_social_icon_holder normal_social' ><a itemprop='url' href='https:\/\/www.youtube.com\/watch?v=qLTUiRjvBlY' target=''><i class=\"qode_icon_font_awesome fa fa-youtube-play fa-2x simple_social\" style=\"\" ><\/i><\/a><\/span><\/div><\/div><\/div><\/div><\/div><\/div><\/div>[\/qode_elements_holder_item][qode_elements_holder_item advanced_animations=&#8221;no&#8221;]<div class='q_team info_on_hover' ><div class='q_team_inner'><div class='q_team_image'><img itemprop='image' src='https:\/\/danycastromusic.com\/wp-content\/uploads\/2022\/08\/Diseno-sin-titulo-76-1.png' alt='Dise\u00f1o sin t\u00edtulo (76) (1)' \/><div class='q_team_text' style= 'background-color:rgba(176,141,88,0.7);'><div class='q_team_text_holder'><div class='q_team_text_holder_inner'><div class='q_team_text_inner'><div class='q_team_title_holder'><h5 class='q_team_name' style = 'color: #ffffff;'><\/h5><\/div><\/div><div class='q_team_social_holder'><span class='q_social_icon_holder normal_social' ><a itemprop='url' href='https:\/\/www.youtube.com\/watch?v=A68u6JUoCag' target=''><i class=\"qode_icon_font_awesome fa fa-youtube-play fa-2x simple_social\" style=\"\" ><\/i><\/a><\/span><\/div><\/div><\/div><\/div><\/div><\/div><\/div>[\/qode_elements_holder_item][qode_elements_holder_item advanced_animations=&#8221;no&#8221;]<div class='q_team info_on_hover' ><div class='q_team_inner'><div class='q_team_image'><img itemprop='image' src='https:\/\/danycastromusic.com\/wp-content\/uploads\/2022\/08\/Diseno-sin-titulo-75.png' alt='Dise\u00f1o sin t\u00edtulo (75)' \/><div class='q_team_text' style= 'background-color:rgba(176,141,88,0.7);'><div class='q_team_text_holder'><div class='q_team_text_holder_inner'><div class='q_team_text_inner'><div class='q_team_title_holder'><h5 class='q_team_name' style = 'color: #ffffff;'><\/h5><\/div><\/div><div class='q_team_social_holder'><span class='q_social_icon_holder normal_social' ><a itemprop='url' href='https:\/\/www.youtube.com\/watch?v=_QKmma6Wa04' target=''><i class=\"qode_icon_font_awesome fa fa-youtube-play fa-2x simple_social\" style=\"\" ><\/i><\/a><\/span><\/div><\/div><\/div><\/div><\/div><\/div><\/div>[\/qode_elements_holder_item][\/qode_elements_holder][\/vc_column][\/vc_row]<\/p>\n","protected":false},"excerpt":{"rendered":"<p>[vc_row css_animation=&#8221;&#8221; row_type=&#8221;row&#8221; use_row_as_full_screen_section=&#8221;no&#8221; type=&#8221;grid&#8221; angled_section=&#8221;no&#8221; text_align=&#8221;center&#8221; background_image_as_pattern=&#8221;without_pattern&#8221; anchor=&#8221;about&#8221; css=&#8221;.vc_custom_1469020250005{padding-top: 142px !important;padding-bottom: 88px !important;}&#8221;][vc_column offset=&#8221;vc_col-lg-offset-2 vc_col-lg-8 vc_col-md-offset-1 vc_col-md-10&#8243; css=&#8221;.vc_custom_1466691550042{padding-right: 8% !important;padding-left: 8% !important;}&#8221;][vc_column_text] Dany Castro Music [\/vc_column_text][vc_empty_space height=&#8221;13px&#8221;][vc_column_text] Cantante, m\u00fasico y compositor ecuatoriano; activista por los derechos de los animales y la naturaleza. [\/vc_column_text][\/vc_column][\/vc_row][vc_row css_animation=&#8221;&#8221;&#8230;<\/p>\n","protected":false},"author":1,"featured_media":0,"parent":0,"menu_order":0,"comment_status":"closed","ping_status":"closed","template":"full_width.php","meta":{"om_disable_all_campaigns":false,"_joinchat":[]},"aioseo_notices":[],"_links":{"self":[{"href":"https:\/\/danycastromusic.com\/index.php\/wp-json\/wp\/v2\/pages\/7"}],"collection":[{"href":"https:\/\/danycastromusic.com\/index.php\/wp-json\/wp\/v2\/pages"}],"about":[{"href":"https:\/\/danycastromusic.com\/index.php\/wp-json\/wp\/v2\/types\/page"}],"author":[{"embeddable":true,"href":"https:\/\/danycastromusic.com\/index.php\/wp-json\/wp\/v2\/users\/1"}],"replies":[{"embeddable":true,"href":"https:\/\/danycastromusic.com\/index.php\/wp-json\/wp\/v2\/comments?post=7"}],"version-history":[{"count":19,"href":"https:\/\/danycastromusic.com\/index.php\/wp-json\/wp\/v2\/pages\/7\/revisions"}],"predecessor-version":[{"id":538,"href":"https:\/\/danycastromusic.com\/index.php\/wp-json\/wp\/v2\/pages\/7\/revisions\/538"}],"wp:attachment":[{"href":"https:\/\/danycastromusic.com\/index.php\/wp-json\/wp\/v2\/media?parent=7"}],"curies":[{"name":"wp","href":"https:\/\/api.w.org\/{rel}","templated":true}]}}